{"id":195,"date":"2022-01-25T14:01:55","date_gmt":"2022-01-25T14:01:55","guid":{"rendered":"https:\/\/ndtlab.ee\/?page_id=195"},"modified":"2022-01-25T14:01:55","modified_gmt":"2022-01-25T14:01:55","slug":"valitus","status":"publish","type":"page","link":"https:\/\/ndtlab.ee\/fi\/valitus\/","title":{"rendered":"Valitus"},"content":{"rendered":"<p>[et_pb_section bb_built=&#8221;1&#8243;][et_pb_row][et_pb_column type=&#8221;4_4&#8243;][et_pb_text _builder_version=&#8221;3.0.106&#8243; background_layout=&#8221;light&#8221;]<\/p>\n<h1>Valitus<\/h1>\n<p>Mik\u00e4li Nondestructive Testing O\u00dc:st\u00e4 ilmestyy valituksia, teill\u00e4 on oikeus tehd\u00e4 valitus.<\/p>\n<p>Valitus on muotoiltava selke\u00e4sti ja ytimekk\u00e4\u00e4sti. Valitus l\u00e4hetet\u00e4\u00e4n vapaassa muodossa osoitteeseen info@ndtlab.ee , jonka tulee sis\u00e4lt\u00e4\u00e4 v\u00e4hint\u00e4\u00e4n seuraavat tiedot:<\/p>\n<p>1. Valituksen tekij\u00e4n nimi<br \/>\n2. Hakup\u00e4iv\u00e4m\u00e4\u00e4r\u00e4<br \/>\n3. Valituksen kuvaus<\/p>\n<p>Nondestructive Testing O\u00dc takaa oikea-aikaisen vastauksen valitukseen. Ilmoitus valituksen vastaanottamisesta tulee 2 arkip\u00e4iv\u00e4n kuluessa. Valitusprosessista ja p\u00e4\u00e4t\u00f6ksest\u00e4 tiedotetaan hyviss\u00e4 ajoin.<\/p>\n<p>[\/et_pb_text][\/et_pb_column][\/et_pb_row][\/et_pb_section]<\/p>\n","protected":false},"excerpt":{"rendered":"<p><div class=\"et_pb_row et_pb_row_0 et_pb_row_empty\">\n\t\t\t\t\n\t\t\t\t\n\t\t\t\t\n\t\t\t\t\n\t\t\t\t\n\t\t\t<\/div> Valitus Mik\u00e4li Nondestructive Testing O\u00dc:st\u00e4 ilmestyy valituksia, teill\u00e4 on oikeus tehd\u00e4 valitus. Valitus on muotoiltava selke\u00e4sti ja ytimekk\u00e4\u00e4sti. Valitus l\u00e4hetet\u00e4\u00e4n vapaassa muodossa osoitteeseen info@ndtlab.ee , jonka tulee sis\u00e4lt\u00e4\u00e4 v\u00e4hint\u00e4\u00e4n seuraavat tiedot: 1. Valituksen tekij\u00e4n nimi 2. Hakup\u00e4iv\u00e4m\u00e4\u00e4r\u00e4 3. Valituksen kuvaus Nondestructive Testing O\u00dc takaa oikea-aikaisen vastauksen valitukseen. Ilmoitus valituksen vastaanottamisesta tulee 2 arkip\u00e4iv\u00e4n kuluessa. [&hellip;]<\/p>\n","protected":false},"author":1,"featured_media":0,"parent":0,"menu_order":0,"comment_status":"closed","ping_status":"closed","template":"","meta":{"_et_pb_use_builder":"on","_et_pb_old_content":"","_et_gb_content_width":"","footnotes":""},"class_list":["post-195","page","type-page","status-publish","hentry"],"aioseo_notices":[],"_links":{"self":[{"href":"https:\/\/ndtlab.ee\/fi\/wp-json\/wp\/v2\/pages\/195","targetHints":{"allow":["GET"]}}],"collection":[{"href":"https:\/\/ndtlab.ee\/fi\/wp-json\/wp\/v2\/pages"}],"about":[{"href":"https:\/\/ndtlab.ee\/fi\/wp-json\/wp\/v2\/types\/page"}],"author":[{"embeddable":true,"href":"https:\/\/ndtlab.ee\/fi\/wp-json\/wp\/v2\/users\/1"}],"replies":[{"embeddable":true,"href":"https:\/\/ndtlab.ee\/fi\/wp-json\/wp\/v2\/comments?post=195"}],"version-history":[{"count":1,"href":"https:\/\/ndtlab.ee\/fi\/wp-json\/wp\/v2\/pages\/195\/revisions"}],"predecessor-version":[{"id":196,"href":"https:\/\/ndtlab.ee\/fi\/wp-json\/wp\/v2\/pages\/195\/revisions\/196"}],"wp:attachment":[{"href":"https:\/\/ndtlab.ee\/fi\/wp-json\/wp\/v2\/media?parent=195"}],"curies":[{"name":"wp","href":"https:\/\/api.w.org\/{rel}","templated":true}]}}